{"id":1959,"date":"2022-03-20T14:35:25","date_gmt":"2022-03-20T19:35:25","guid":{"rendered":"https:\/\/pretecor.co\/?page_id=1959"},"modified":"2025-05-12T17:07:54","modified_gmt":"2025-05-12T22:07:54","slug":"contactanos","status":"publish","type":"page","link":"https:\/\/pretecor.com\/en\/contactanos\/","title":{"rendered":"Contact us"},"content":{"rendered":"<div data-elementor-type=\"wp-page\" data-elementor-id=\"1959\" class=\"elementor elementor-1959\">\n\t\t\t\t\t\t<section class=\"elementor-section elementor-top-section elementor-element elementor-element-5308a23 elementor-section-full_width elementor-section-height-min-height elementor-section-stretched elementor-section-height-default elementor-section-items-middle\" data-id=\"5308a23\" data-element_type=\"section\" data-settings=\"{&quot;stretch_section&quot;:&quot;section-stretched&quot;,&quot;background_background&quot;:&quot;classic&quot;}\">\n\t\t\t\t\t\t<div class=\"elementor-container elementor-column-gap-default\">\n\t\t\t\t\t<div class=\"elementor-column elementor-col-100 elementor-top-column elementor-element elementor-element-9d08adc\" data-id=\"9d08adc\" data-element_type=\"column\">\n\t\t\t<div class=\"elementor-widget-wrap\">\n\t\t\t\t\t\t\t<\/div>\n\t\t<\/div>\n\t\t\t\t\t<\/div>\n\t\t<\/section>\n\t\t\t\t<section class=\"elementor-section elementor-top-section elementor-element elementor-element-b4b2468 elementor-section-full_width elementor-section-height-min-height elementor-section-stretched elementor-section-items-top elementor-reverse-tablet elementor-reverse-mobile elementor-section-height-default\" data-id=\"b4b2468\" data-element_type=\"section\" data-settings=\"{&quot;stretch_section&quot;:&quot;section-stretched&quot;,&quot;background_background&quot;:&quot;classic&quot;}\">\n\t\t\t\t\t\t<div class=\"elementor-container elementor-column-gap-default\">\n\t\t\t\t\t<div class=\"elementor-column elementor-col-33 elementor-top-column elementor-element elementor-element-e0ccee5\" data-id=\"e0ccee5\" data-element_type=\"column\">\n\t\t\t<div class=\"elementor-widget-wrap elementor-element-populated\">\n\t\t\t\t\t\t<div class=\"elementor-element elementor-element-97aec53 elementor-widget elementor-widget-image\" data-id=\"97aec53\" data-element_type=\"widget\" data-widget_type=\"image.default\">\n\t\t\t\t<div class=\"elementor-widget-container\">\n\t\t\t\t\t\t\t\t\t\t\t\t\t\t\t<img decoding=\"async\" width=\"57\" height=\"274\" src=\"https:\/\/pretecor.com\/wp-content\/uploads\/2022\/03\/Flecha-hacia-arriba-naranja.svg\" class=\"attachment-large size-large wp-image-1963\" alt=\"\" \/>\t\t\t\t\t\t\t\t\t\t\t\t\t\t\t<\/div>\n\t\t\t\t<\/div>\n\t\t\t\t\t<\/div>\n\t\t<\/div>\n\t\t\t\t<div class=\"elementor-column elementor-col-33 elementor-top-column elementor-element elementor-element-9eea444\" data-id=\"9eea444\" data-element_type=\"column\" data-settings=\"{&quot;background_background&quot;:&quot;classic&quot;}\">\n\t\t\t<div class=\"elementor-widget-wrap elementor-element-populated\">\n\t\t\t\t\t\t<div class=\"elementor-element elementor-element-44ab466 elementor-widget elementor-widget-heading\" data-id=\"44ab466\" data-element_type=\"widget\" data-widget_type=\"heading.default\">\n\t\t\t\t<div class=\"elementor-widget-container\">\n\t\t\t\t\t<h2 class=\"elementor-heading-title elementor-size-default\">Contact us at<\/h2>\t\t\t\t<\/div>\n\t\t\t\t<\/div>\n\t\t\t\t<div class=\"elementor-element elementor-element-3da7d03 elementor-widget elementor-widget-text-editor\" data-id=\"3da7d03\" data-element_type=\"widget\" data-widget_type=\"text-editor.default\">\n\t\t\t\t<div class=\"elementor-widget-container\">\n\t\t\t\t\t\t\t\t\t<p style=\"text-align: center;\"><strong>Concrete Production Plant, Bucaramanga<\/strong><\/p><p style=\"text-align: center;\">Direcci\u00f3n: KM 10 V\u00eda Bucaramanga a Piedecuesta, Santander. Colombia.\u00a0<\/p><p style=\"text-align: center;\"><strong>8.2.\tFiber production plant, Bucaramanga<\/strong><\/p><p style=\"text-align: center;\">Direcci\u00f3n: Parque Industrial Chimit\u00e1, Etapa 1 Calle D 12, Bodega 04. Bucaramanga. Colombia<\/p><p style=\"text-align: center;\"><strong> Billing and Portfolio<\/strong><\/p><p style=\"text-align: center;\">Tel\u00e9fono: +57 (607) 697 0963<br \/>Correo: facturaci\u00f3nycartera@pretecor.co<\/p><p style=\"text-align: center;\"><strong>Accounting and Treasury<\/strong><\/p><p style=\"text-align: center;\">M\u00f3vil: (+57) 322 269 5731<br \/>Correo: tesoreria@pretecor.co y felectronica@pretecor.co<\/p><p style=\"text-align: center;\"><strong> Head Office and Administration<\/strong><\/p><p style=\"text-align: center;\">Direcci\u00f3n: Calle 36 N\u00b0 31 39, OF: 219, Chicamocha Centro Empresarial Bucaramanga, Santander. Colombia<br \/>PBX: +57 (607) 697 0963 M\u00f3vil: (+57) 310 328 8572 Correo: notificaciones@pretecor.com<\/p>\t\t\t\t\t\t\t\t<\/div>\n\t\t\t\t<\/div>\n\t\t\t\t\t<\/div>\n\t\t<\/div>\n\t\t\t\t<div class=\"elementor-column elementor-col-33 elementor-top-column elementor-element elementor-element-64b5c7c\" data-id=\"64b5c7c\" data-element_type=\"column\">\n\t\t\t<div class=\"elementor-widget-wrap elementor-element-populated\">\n\t\t\t\t\t\t<div class=\"elementor-element elementor-element-2c258d3 elementor-widget elementor-widget-image\" data-id=\"2c258d3\" data-element_type=\"widget\" data-widget_type=\"image.default\">\n\t\t\t\t<div class=\"elementor-widget-container\">\n\t\t\t\t\t\t\t\t\t\t\t\t\t\t\t<img decoding=\"async\" width=\"57\" height=\"273\" src=\"https:\/\/pretecor.com\/wp-content\/uploads\/2022\/03\/Flecha-hacia-abajo-naranja.svg\" class=\"attachment-large size-large wp-image-1962\" alt=\"\" \/>\t\t\t\t\t\t\t\t\t\t\t\t\t\t\t<\/div>\n\t\t\t\t<\/div>\n\t\t\t\t\t<\/div>\n\t\t<\/div>\n\t\t\t\t\t<\/div>\n\t\t<\/section>\n\t\t\t\t<section class=\"elementor-section elementor-top-section elementor-element elementor-element-7cbd18d elementor-section-full_width elementor-section-stretched elementor-hidden-tablet elementor-hidden-mobile elementor-section-height-default elementor-section-height-default\" data-id=\"7cbd18d\" data-element_type=\"section\" data-settings=\"{&quot;stretch_section&quot;:&quot;section-stretched&quot;}\">\n\t\t\t\t\t\t<div class=\"elementor-container elementor-column-gap-default\">\n\t\t\t\t\t<div class=\"elementor-column elementor-col-100 elementor-top-column elementor-element elementor-element-88b9479\" data-id=\"88b9479\" data-element_type=\"column\">\n\t\t\t<div class=\"elementor-widget-wrap\">\n\t\t\t\t\t\t\t<\/div>\n\t\t<\/div>\n\t\t\t\t\t<\/div>\n\t\t<\/section>\n\t\t\t\t<section class=\"elementor-section elementor-top-section elementor-element elementor-element-d9ec42e elementor-section-full_width elementor-section-stretched elementor-hidden-tablet elementor-hidden-mobile elementor-section-height-default elementor-section-height-default\" data-id=\"d9ec42e\" data-element_type=\"section\" data-settings=\"{&quot;stretch_section&quot;:&quot;section-stretched&quot;}\">\n\t\t\t\t\t\t<div class=\"elementor-container elementor-column-gap-default\">\n\t\t\t\t\t<div class=\"elementor-column elementor-col-100 elementor-top-column elementor-element elementor-element-b90790f\" data-id=\"b90790f\" data-element_type=\"column\">\n\t\t\t<div class=\"elementor-widget-wrap elementor-element-populated\">\n\t\t\t\t\t\t<div class=\"elementor-element elementor-element-b4e6e2d elementor-hidden-tablet elementor-hidden-mobile elementor-widget elementor-widget-image\" data-id=\"b4e6e2d\" data-element_type=\"widget\" data-widget_type=\"image.default\">\n\t\t\t\t<div class=\"elementor-widget-container\">\n\t\t\t\t\t\t\t\t\t\t\t\t\t\t\t<img fetchpriority=\"high\" decoding=\"async\" width=\"1200\" height=\"159\" src=\"https:\/\/pretecor.com\/wp-content\/uploads\/2022\/03\/bordeFooterNaranja.png\" class=\"attachment-large size-large wp-image-355\" alt=\"\" \/>\t\t\t\t\t\t\t\t\t\t\t\t\t\t\t<\/div>\n\t\t\t\t<\/div>\n\t\t\t\t\t<\/div>\n\t\t<\/div>\n\t\t\t\t\t<\/div>\n\t\t<\/section>\n\t\t\t\t<section class=\"elementor-section elementor-top-section elementor-element elementor-element-3b34479 elementor-section-full_width elementor-section-stretched elementor-hidden-desktop elementor-section-height-default elementor-section-height-default\" data-id=\"3b34479\" data-element_type=\"section\" data-settings=\"{&quot;stretch_section&quot;:&quot;section-stretched&quot;}\">\n\t\t\t\t\t\t<div class=\"elementor-container elementor-column-gap-default\">\n\t\t\t\t\t<div class=\"elementor-column elementor-col-100 elementor-top-column elementor-element elementor-element-5921d73\" data-id=\"5921d73\" data-element_type=\"column\">\n\t\t\t<div class=\"elementor-widget-wrap elementor-element-populated\">\n\t\t\t\t\t\t<div class=\"elementor-element elementor-element-78ee103 elementor-widget elementor-widget-image\" data-id=\"78ee103\" data-element_type=\"widget\" data-widget_type=\"image.default\">\n\t\t\t\t<div class=\"elementor-widget-container\">\n\t\t\t\t\t\t\t\t\t\t\t\t\t\t\t<img loading=\"lazy\" decoding=\"async\" width=\"1200\" height=\"111\" src=\"https:\/\/pretecor.com\/wp-content\/uploads\/2022\/03\/borde-naranja-movil.png\" class=\"attachment-large size-large wp-image-2960\" alt=\"\" \/>\t\t\t\t\t\t\t\t\t\t\t\t\t\t\t<\/div>\n\t\t\t\t<\/div>\n\t\t\t\t\t<\/div>\n\t\t<\/div>\n\t\t\t\t\t<\/div>\n\t\t<\/section>\n\t\t\t\t<section class=\"elementor-section elementor-top-section elementor-element elementor-element-a288499 elementor-section-boxed elementor-section-height-default elementor-section-height-default\" data-id=\"a288499\" data-element_type=\"section\">\n\t\t\t\t\t\t<div class=\"elementor-container elementor-column-gap-default\">\n\t\t\t\t\t<div class=\"elementor-column elementor-col-100 elementor-top-column elementor-element elementor-element-3d595fa\" data-id=\"3d595fa\" data-element_type=\"column\">\n\t\t\t<div class=\"elementor-widget-wrap\">\n\t\t\t\t\t\t\t<\/div>\n\t\t<\/div>\n\t\t\t\t\t<\/div>\n\t\t<\/section>\n\t\t\t\t<\/div>","protected":false},"excerpt":{"rendered":"<p>Cont\u00e1ctanos Planta de producci\u00f3n de Concreto, Bucaramanga Direcci\u00f3n: KM 10 V\u00eda Bucaramanga a Piedecuesta, Santander. Colombia.&nbsp; Planta de producci\u00f3n de Fibra, Bucaramanga Direcci\u00f3n: Parque Industrial Chimit\u00e1, Etapa 1 Calle D 12, Bodega 04. Bucaramanga. Colombia Facturaci\u00f3n y Cartera Tel\u00e9fono: +57 (607) 697 0963 Correo: facturaci\u00f3nycartera@pretecor.co Contabilidad y Tesorer\u00eda M\u00f3vil: (+57) 322 269 5731 Correo: tesoreria@pretecor.co &hellip;<\/p>\n<p class=\"read-more\"> <a class=\"\" href=\"https:\/\/pretecor.com\/en\/contactanos\/\"> <span class=\"screen-reader-text\">Contact us<\/span> Read More &raquo;<\/a><\/p>","protected":false},"author":1,"featured_media":0,"parent":0,"menu_order":0,"comment_status":"closed","ping_status":"closed","template":"","meta":{"om_disable_all_campaigns":false,"_monsterinsights_skip_tracking":false,"_monsterinsights_sitenote_active":false,"_monsterinsights_sitenote_note":"","_monsterinsights_sitenote_category":0,"site-sidebar-layout":"no-sidebar","site-content-layout":"page-builder","ast-main-header-display":"","ast-hfb-above-header-display":"","ast-hfb-below-header-display":"","ast-hfb-mobile-header-display":"","site-post-title":"disabled","ast-breadcrumbs-content":"","ast-featured-img":"disabled","footer-sml-layout":"","theme-transparent-header-meta":"","adv-header-id-meta":"","stick-header-meta":"","header-above-stick-meta":"","header-main-stick-meta":"","header-below-stick-meta":"","footnotes":""},"class_list":["post-1959","page","type-page","status-publish","hentry"],"acf":[],"aioseo_notices":[],"_links":{"self":[{"href":"https:\/\/pretecor.com\/en\/wp-json\/wp\/v2\/pages\/1959","targetHints":{"allow":["GET"]}}],"collection":[{"href":"https:\/\/pretecor.com\/en\/wp-json\/wp\/v2\/pages"}],"about":[{"href":"https:\/\/pretecor.com\/en\/wp-json\/wp\/v2\/types\/page"}],"author":[{"embeddable":true,"href":"https:\/\/pretecor.com\/en\/wp-json\/wp\/v2\/users\/1"}],"replies":[{"embeddable":true,"href":"https:\/\/pretecor.com\/en\/wp-json\/wp\/v2\/comments?post=1959"}],"version-history":[{"count":4,"href":"https:\/\/pretecor.com\/en\/wp-json\/wp\/v2\/pages\/1959\/revisions"}],"predecessor-version":[{"id":8867,"href":"https:\/\/pretecor.com\/en\/wp-json\/wp\/v2\/pages\/1959\/revisions\/8867"}],"wp:attachment":[{"href":"https:\/\/pretecor.com\/en\/wp-json\/wp\/v2\/media?parent=1959"}],"curies":[{"name":"wp","href":"https:\/\/api.w.org\/{rel}","templated":true}]}}